{"id":627,"date":"2019-08-27T16:47:53","date_gmt":"2019-08-27T16:47:53","guid":{"rendered":"http:\/\/quimicosmadrid.org\/home\/?page_id=627"},"modified":"2026-04-01T12:13:17","modified_gmt":"2026-04-01T10:13:17","slug":"geoquimica-seccion-tecnica","status":"publish","type":"page","link":"https:\/\/quimicosmadrid.org\/home\/geoquimica-seccion-tecnica\/","title":{"rendered":"Geoqu\u00edmica. (Secci\u00f3n T\u00e9cnica)"},"content":{"rendered":"","protected":false},"excerpt":{"rendered":"","protected":false},"author":1,"featured_media":0,"parent":0,"menu_order":0,"comment_status":"closed","ping_status":"closed","template":"","meta":{"_acf_changed":false,"footnotes":""},"class_list":["post-627","page","type-page","status-publish","hentry"],"acf":[],"_links":{"self":[{"href":"https:\/\/quimicosmadrid.org\/home\/wp-json\/wp\/v2\/pages\/627","targetHints":{"allow":["GET"]}}],"collection":[{"href":"https:\/\/quimicosmadrid.org\/home\/wp-json\/wp\/v2\/pages"}],"about":[{"href":"https:\/\/quimicosmadrid.org\/home\/wp-json\/wp\/v2\/types\/page"}],"author":[{"embeddable":true,"href":"https:\/\/quimicosmadrid.org\/home\/wp-json\/wp\/v2\/users\/1"}],"replies":[{"embeddable":true,"href":"https:\/\/quimicosmadrid.org\/home\/wp-json\/wp\/v2\/comments?post=627"}],"version-history":[{"count":1,"href":"https:\/\/quimicosmadrid.org\/home\/wp-json\/wp\/v2\/pages\/627\/revisions"}],"predecessor-version":[{"id":628,"href":"https:\/\/quimicosmadrid.org\/home\/wp-json\/wp\/v2\/pages\/627\/revisions\/628"}],"wp:attachment":[{"href":"https:\/\/quimicosmadrid.org\/home\/wp-json\/wp\/v2\/media?parent=627"}],"curies":[{"name":"wp","href":"https:\/\/api.w.org\/{rel}","templated":true}]}}