{"id":668,"date":"2019-08-28T11:56:43","date_gmt":"2019-08-28T11:56:43","guid":{"rendered":"http:\/\/quimicosmadrid.org\/home\/?page_id=668"},"modified":"2024-04-02T08:02:36","modified_gmt":"2024-04-02T08:02:36","slug":"quimica-de-los-alimentos-seccion-tecnica","status":"publish","type":"page","link":"https:\/\/quimicosmadrid.org\/home\/quimica-de-los-alimentos-seccion-tecnica\/","title":{"rendered":"Qu\u00edmica de los Alimentos. (Secci\u00f3n T\u00e9cnica)"},"content":{"rendered":"","protected":false},"excerpt":{"rendered":"","protected":false},"author":1,"featured_media":8124,"parent":0,"menu_order":0,"comment_status":"closed","ping_status":"closed","template":"","meta":{"_acf_changed":false,"footnotes":""},"class_list":["post-668","page","type-page","status-publish","has-post-thumbnail","hentry"],"acf":[],"_links":{"self":[{"href":"https:\/\/quimicosmadrid.org\/home\/wp-json\/wp\/v2\/pages\/668","targetHints":{"allow":["GET"]}}],"collection":[{"href":"https:\/\/quimicosmadrid.org\/home\/wp-json\/wp\/v2\/pages"}],"about":[{"href":"https:\/\/quimicosmadrid.org\/home\/wp-json\/wp\/v2\/types\/page"}],"author":[{"embeddable":true,"href":"https:\/\/quimicosmadrid.org\/home\/wp-json\/wp\/v2\/users\/1"}],"replies":[{"embeddable":true,"href":"https:\/\/quimicosmadrid.org\/home\/wp-json\/wp\/v2\/comments?post=668"}],"version-history":[{"count":1,"href":"https:\/\/quimicosmadrid.org\/home\/wp-json\/wp\/v2\/pages\/668\/revisions"}],"predecessor-version":[{"id":670,"href":"https:\/\/quimicosmadrid.org\/home\/wp-json\/wp\/v2\/pages\/668\/revisions\/670"}],"wp:featuredmedia":[{"embeddable":true,"href":"https:\/\/quimicosmadrid.org\/home\/wp-json\/wp\/v2\/media\/8124"}],"wp:attachment":[{"href":"https:\/\/quimicosmadrid.org\/home\/wp-json\/wp\/v2\/media?parent=668"}],"curies":[{"name":"wp","href":"https:\/\/api.w.org\/{rel}","templated":true}]}}