{"id":682,"date":"2019-08-28T15:07:23","date_gmt":"2019-08-28T15:07:23","guid":{"rendered":"http:\/\/quimicosmadrid.org\/home\/?page_id=682"},"modified":"2025-09-15T18:17:27","modified_gmt":"2025-09-15T16:17:27","slug":"ingenieria-quimica-seccion-tecnica","status":"publish","type":"page","link":"https:\/\/quimicosmadrid.org\/home\/ingenieria-quimica-seccion-tecnica\/","title":{"rendered":"Ingenier\u00eda Qu\u00edmica. (Secci\u00f3n T\u00e9cnica)"},"content":{"rendered":"","protected":false},"excerpt":{"rendered":"","protected":false},"author":1,"featured_media":0,"parent":0,"menu_order":0,"comment_status":"closed","ping_status":"closed","template":"","meta":{"_acf_changed":false,"footnotes":""},"class_list":["post-682","page","type-page","status-publish","hentry"],"acf":[],"_links":{"self":[{"href":"https:\/\/quimicosmadrid.org\/home\/wp-json\/wp\/v2\/pages\/682","targetHints":{"allow":["GET"]}}],"collection":[{"href":"https:\/\/quimicosmadrid.org\/home\/wp-json\/wp\/v2\/pages"}],"about":[{"href":"https:\/\/quimicosmadrid.org\/home\/wp-json\/wp\/v2\/types\/page"}],"author":[{"embeddable":true,"href":"https:\/\/quimicosmadrid.org\/home\/wp-json\/wp\/v2\/users\/1"}],"replies":[{"embeddable":true,"href":"https:\/\/quimicosmadrid.org\/home\/wp-json\/wp\/v2\/comments?post=682"}],"version-history":[{"count":1,"href":"https:\/\/quimicosmadrid.org\/home\/wp-json\/wp\/v2\/pages\/682\/revisions"}],"predecessor-version":[{"id":683,"href":"https:\/\/quimicosmadrid.org\/home\/wp-json\/wp\/v2\/pages\/682\/revisions\/683"}],"wp:attachment":[{"href":"https:\/\/quimicosmadrid.org\/home\/wp-json\/wp\/v2\/media?parent=682"}],"curies":[{"name":"wp","href":"https:\/\/api.w.org\/{rel}","templated":true}]}}