{"id":13211,"date":"2026-04-16T11:59:47","date_gmt":"2026-04-16T09:59:47","guid":{"rendered":"https:\/\/quimicosmadrid.org\/home\/?post_type=product&#038;p=13211"},"modified":"2026-04-16T12:00:08","modified_gmt":"2026-04-16T10:00:08","slug":"totebag-la-quimica-es-optimista","status":"publish","type":"product","link":"https:\/\/quimicosmadrid.org\/home\/producto\/totebag-la-quimica-es-optimista\/","title":{"rendered":"ToteBag La Qu\u00edmica es optimista"},"content":{"rendered":"<p>Esta pr\u00e1ctica y resistente bolsa de tela est\u00e1 fabricada bajo el est\u00e1ndar Oeko-Tex\u00ae Standard 100, lo que garantiza que est\u00e1 libre de sustancias nocivas y es segura tanto para las personas como para el medio ambiente. Ideal para el uso diario, compras o como alternativa sostenible a las bolsas de pl\u00e1stico.<\/p>\n<p>Su dise\u00f1o destaca por un divertido y original estampado en azul con tem\u00e1tica cient\u00edfica: \u201cLa qu\u00edmica es optimista. Siempre ve el vaso lleno\u201d, acompa\u00f1ado de una ilustraci\u00f3n de un vaso que representa la composici\u00f3n del aire y el agua (H\u2082O). Un toque creativo perfecto para amantes de la ciencia o quienes buscan un estilo \u00fanico.<\/p>\n<p>Cuenta con asas largas que permiten llevarla c\u00f3modamente al hombro y un amplio espacio interior para transportar tus objetos con facilidad.<\/p>\n<p>Caracter\u00edsticas:<\/p>\n<p>Material textil resistente y reutilizable<br \/>\nCertificaci\u00f3n Oeko-Tex\u00ae Standard 100<br \/>\nDise\u00f1o original con tem\u00e1tica cient\u00edfica<br \/>\nAsas largas para mayor comodidad<br \/>\nAlternativa ecol\u00f3gica al pl\u00e1stico<\/p>\n<p>Env\u00edo incluido:<\/p>\n<p>El precio incluye el env\u00edo mediante correo ordinario a la pen\u00ednsula.<\/p>\n<p>Perfecta para el d\u00eda a d\u00eda, esta bolsa combina sostenibilidad, funcionalidad y estilo en un solo producto.<\/p>\n","protected":false},"excerpt":{"rendered":"<p>Esta pr\u00e1ctica y resistente bolsa de tela est\u00e1 fabricada bajo el est\u00e1ndar Oeko-Tex\u00ae Standard 100, lo que garantiza que est\u00e1 libre de sustancias nocivas y es<span class=\"excerpt-hellip\"> [\u2026]<\/span><\/p>\n","protected":false},"featured_media":13206,"template":"","meta":{"_acf_changed":false},"product_brand":[],"product_cat":[228],"product_tag":[],"class_list":{"0":"post-13211","1":"product","2":"type-product","3":"status-publish","4":"has-post-thumbnail","6":"product_cat-bolsas","8":"first","9":"instock","10":"virtual","11":"taxable","12":"purchasable","13":"product-type-simple"},"acf":[],"_links":{"self":[{"href":"https:\/\/quimicosmadrid.org\/home\/wp-json\/wp\/v2\/product\/13211","targetHints":{"allow":["GET"]}}],"collection":[{"href":"https:\/\/quimicosmadrid.org\/home\/wp-json\/wp\/v2\/product"}],"about":[{"href":"https:\/\/quimicosmadrid.org\/home\/wp-json\/wp\/v2\/types\/product"}],"wp:featuredmedia":[{"embeddable":true,"href":"https:\/\/quimicosmadrid.org\/home\/wp-json\/wp\/v2\/media\/13206"}],"wp:attachment":[{"href":"https:\/\/quimicosmadrid.org\/home\/wp-json\/wp\/v2\/media?parent=13211"}],"wp:term":[{"taxonomy":"product_brand","embeddable":true,"href":"https:\/\/quimicosmadrid.org\/home\/wp-json\/wp\/v2\/product_brand?post=13211"},{"taxonomy":"product_cat","embeddable":true,"href":"https:\/\/quimicosmadrid.org\/home\/wp-json\/wp\/v2\/product_cat?post=13211"},{"taxonomy":"product_tag","embeddable":true,"href":"https:\/\/quimicosmadrid.org\/home\/wp-json\/wp\/v2\/product_tag?post=13211"}],"curies":[{"name":"wp","href":"https:\/\/api.w.org\/{rel}","templated":true}]}}