{"id":13383,"date":"2026-05-06T10:57:30","date_gmt":"2026-05-06T08:57:30","guid":{"rendered":"https:\/\/quimicosmadrid.org\/home\/?post_type=product&#038;p=13383"},"modified":"2026-05-06T10:57:30","modified_gmt":"2026-05-06T08:57:30","slug":"visita-a-toledo-seccion-de-jubilados","status":"publish","type":"product","link":"https:\/\/quimicosmadrid.org\/home\/producto\/visita-a-toledo-seccion-de-jubilados\/","title":{"rendered":"Visita a Toledo &#8211; Secci\u00f3n de Jubilados"},"content":{"rendered":"<p>Cuota de inscripci\u00f3n para la visita que organiza la Secci\u00f3n de Jubilados de la Asociaci\u00f3n de Qu\u00edmicos e Ingenieros Qu\u00edmicos de Madrid a Toledo, con visitas, comida y autob\u00fas incluidos<\/p>\n","protected":false},"excerpt":{"rendered":"<p>Cuota de inscripci\u00f3n para la visita que organiza la Secci\u00f3n de Jubilados de la Asociaci\u00f3n de Qu\u00edmicos e Ingenieros Qu\u00edmicos de Madrid a Toledo, con visitas,<span class=\"excerpt-hellip\"> [\u2026]<\/span><\/p>\n","protected":false},"featured_media":13384,"template":"","meta":{"_acf_changed":false},"product_brand":[],"product_cat":[117],"product_tag":[],"class_list":{"0":"post-13383","1":"product","2":"type-product","3":"status-publish","4":"has-post-thumbnail","6":"product_cat-sin-categorizar","8":"first","9":"instock","10":"virtual","11":"purchasable","12":"product-type-simple"},"acf":[],"_links":{"self":[{"href":"https:\/\/quimicosmadrid.org\/home\/wp-json\/wp\/v2\/product\/13383","targetHints":{"allow":["GET"]}}],"collection":[{"href":"https:\/\/quimicosmadrid.org\/home\/wp-json\/wp\/v2\/product"}],"about":[{"href":"https:\/\/quimicosmadrid.org\/home\/wp-json\/wp\/v2\/types\/product"}],"wp:featuredmedia":[{"embeddable":true,"href":"https:\/\/quimicosmadrid.org\/home\/wp-json\/wp\/v2\/media\/13384"}],"wp:attachment":[{"href":"https:\/\/quimicosmadrid.org\/home\/wp-json\/wp\/v2\/media?parent=13383"}],"wp:term":[{"taxonomy":"product_brand","embeddable":true,"href":"https:\/\/quimicosmadrid.org\/home\/wp-json\/wp\/v2\/product_brand?post=13383"},{"taxonomy":"product_cat","embeddable":true,"href":"https:\/\/quimicosmadrid.org\/home\/wp-json\/wp\/v2\/product_cat?post=13383"},{"taxonomy":"product_tag","embeddable":true,"href":"https:\/\/quimicosmadrid.org\/home\/wp-json\/wp\/v2\/product_tag?post=13383"}],"curies":[{"name":"wp","href":"https:\/\/api.w.org\/{rel}","templated":true}]}}