{"id":7869,"date":"2023-10-02T10:22:18","date_gmt":"2023-10-02T10:22:18","guid":{"rendered":"https:\/\/quimicosmadrid.org\/home\/?post_type=product&#038;p=7869"},"modified":"2025-06-23T13:10:08","modified_gmt":"2025-06-23T11:10:08","slug":"bolsa-tabla-periodica","status":"publish","type":"product","link":"https:\/\/quimicosmadrid.org\/home\/producto\/bolsa-tabla-periodica\/","title":{"rendered":"Bolsa Tabla Peri\u00f3dica"},"content":{"rendered":"","protected":false},"excerpt":{"rendered":"<p>Nuestra m\u00edtica bolsa ya esta a la venta, en el precio, incluimos el env\u00edo ordinario a la pen\u00ednsula. Adem\u00e1s si eres Colegiado o Asociado, puedes pedirnos el c\u00f3digo de descuento!<\/p>\n","protected":false},"featured_media":11757,"template":"","meta":{"_acf_changed":false},"product_brand":[],"product_cat":[228],"product_tag":[],"class_list":{"0":"post-7869","1":"product","2":"type-product","3":"status-publish","4":"has-post-thumbnail","6":"product_cat-bolsas","8":"first","9":"instock","10":"virtual","11":"taxable","12":"purchasable","13":"product-type-simple"},"acf":[],"_links":{"self":[{"href":"https:\/\/quimicosmadrid.org\/home\/wp-json\/wp\/v2\/product\/7869","targetHints":{"allow":["GET"]}}],"collection":[{"href":"https:\/\/quimicosmadrid.org\/home\/wp-json\/wp\/v2\/product"}],"about":[{"href":"https:\/\/quimicosmadrid.org\/home\/wp-json\/wp\/v2\/types\/product"}],"wp:featuredmedia":[{"embeddable":true,"href":"https:\/\/quimicosmadrid.org\/home\/wp-json\/wp\/v2\/media\/11757"}],"wp:attachment":[{"href":"https:\/\/quimicosmadrid.org\/home\/wp-json\/wp\/v2\/media?parent=7869"}],"wp:term":[{"taxonomy":"product_brand","embeddable":true,"href":"https:\/\/quimicosmadrid.org\/home\/wp-json\/wp\/v2\/product_brand?post=7869"},{"taxonomy":"product_cat","embeddable":true,"href":"https:\/\/quimicosmadrid.org\/home\/wp-json\/wp\/v2\/product_cat?post=7869"},{"taxonomy":"product_tag","embeddable":true,"href":"https:\/\/quimicosmadrid.org\/home\/wp-json\/wp\/v2\/product_tag?post=7869"}],"curies":[{"name":"wp","href":"https:\/\/api.w.org\/{rel}","templated":true}]}}